{"id":2435,"date":"2025-04-23T15:41:02","date_gmt":"2025-04-23T15:41:02","guid":{"rendered":"https:\/\/inadisa.com\/?page_id=2435"},"modified":"2025-04-25T13:17:44","modified_gmt":"2025-04-25T13:17:44","slug":"politica-de-garantia","status":"publish","type":"page","link":"https:\/\/inadisa.com\/en\/politica-de-garantia\/","title":{"rendered":"Pol\u00edtica de garant\u00eda"},"content":{"rendered":"<div data-elementor-type=\"wp-page\" data-elementor-id=\"2435\" class=\"elementor elementor-2435\">\n\t\t\t\t<div class=\"elementor-element elementor-element-07bd645 e-flex e-con-boxed e-con e-parent\" data-id=\"07bd645\" data-element_type=\"container\" data-e-type=\"container\">\n\t\t\t\t\t<div class=\"e-con-inner\">\n\t\t\t\t<div class=\"elementor-element elementor-element-32a3c18 elementor-widget elementor-widget-image\" data-id=\"32a3c18\" data-element_type=\"widget\" data-e-type=\"widget\" data-widget_type=\"image.default\">\n\t\t\t\t<div class=\"elementor-widget-container\">\n\t\t\t\t\t\t\t\t\t\t\t\t\t\t\t<img decoding=\"async\" width=\"300\" height=\"87\" src=\"https:\/\/inadisa.com\/wp-content\/uploads\/2025\/02\/LOGO-2-300x87.png\" class=\"attachment-medium size-medium wp-image-1988\" alt=\"\" srcset=\"https:\/\/inadisa.com\/wp-content\/uploads\/2025\/02\/LOGO-2-300x87.png 300w, https:\/\/inadisa.com\/wp-content\/uploads\/2025\/02\/LOGO-2-1024x297.png 1024w, https:\/\/inadisa.com\/wp-content\/uploads\/2025\/02\/LOGO-2-768x223.png 768w, https:\/\/inadisa.com\/wp-content\/uploads\/2025\/02\/LOGO-2-1536x446.png 1536w, https:\/\/inadisa.com\/wp-content\/uploads\/2025\/02\/LOGO-2-2048x595.png 2048w, https:\/\/inadisa.com\/wp-content\/uploads\/2025\/02\/LOGO-2-18x5.png 18w\" sizes=\"(max-width: 300px) 100vw, 300px\" \/>\t\t\t\t\t\t\t\t\t\t\t\t\t\t\t<\/div>\n\t\t\t\t<\/div>\n\t\t\t\t\t<\/div>\n\t\t\t\t<\/div>\n\t\t<div class=\"elementor-element elementor-element-4de4bf76 e-flex e-con-boxed e-con e-parent\" data-id=\"4de4bf76\" data-element_type=\"container\" data-e-type=\"container\">\n\t\t\t\t\t<div class=\"e-con-inner\">\n\t\t\t\t<div class=\"elementor-element elementor-element-e574595 elementor-widget elementor-widget-text-editor\" data-id=\"e574595\" data-element_type=\"widget\" data-e-type=\"widget\" data-widget_type=\"text-editor.default\">\n\t\t\t\t<div class=\"elementor-widget-container\">\n\t\t\t\t\t\t\t\t\t<p><em>Con el objetivo de garantizar el correcto uso y vida \u00fatil de los productos Inadisa, tener en cuenta las siguientes pol\u00edticas de garant\u00eda.<\/em><\/p><p><em><strong>IMPORTANTE:<\/strong> Antes de ser enviado cualquier material por devoluci\u00f3n, garant\u00eda o inconformidad, debe ser notificado con anterioridad a Inadisa a trav\u00e9s de su gestor comercial.<\/em><br \/><em>Para mejorar el tempo de respuesta y an\u00e1lisis de su caso en lo posible documentar mediante fotos, v\u00eda telef\u00f3nica o mail especificando cu\u00e1l fue el da\u00f1o o las inconformidades presentadas, para dar autorizaci\u00f3n al env\u00edo del material ya descrito.<\/em> <\/p>\t\t\t\t\t\t\t\t<\/div>\n\t\t\t\t<\/div>\n\t\t\t\t<div class=\"elementor-element elementor-element-39b1a74 elementor-widget elementor-widget-heading\" data-id=\"39b1a74\" data-element_type=\"widget\" data-e-type=\"widget\" data-widget_type=\"heading.default\">\n\t\t\t\t<div class=\"elementor-widget-container\">\n\t\t\t\t\t<h2 class=\"elementor-heading-title elementor-size-default\">Condiciones de Garant\u00eda<\/h2>\t\t\t\t<\/div>\n\t\t\t\t<\/div>\n\t\t\t\t<div class=\"elementor-element elementor-element-db7bd8d elementor-widget elementor-widget-text-editor\" data-id=\"db7bd8d\" data-element_type=\"widget\" data-e-type=\"widget\" data-widget_type=\"text-editor.default\">\n\t\t\t\t<div class=\"elementor-widget-container\">\n\t\t\t\t\t\t\t\t\t<p>Tenga en cuenta que todos los productos fabricados y comercializados por INADISA est\u00e1n cubiertos por garant\u00eda v\u00e1lida a partir de la de fecha de factura, por defectos de fabricaci\u00f3n. Debido a la diversidad del portafolio y productos el\u00e9ctricos y electr\u00f3nicos cada producto de INADISA tiene condiciones especiales de garant\u00eda que podr\u00e1 verificar en la ficha t\u00e9cnica de cada producto. Se deber\u00e1n tener en cuenta los siguientes puntos y recomendaciones al momento de presentar una garant\u00eda y\/o devoluci\u00f3n de productos Inadisa.<\/p>\t\t\t\t\t\t\t\t<\/div>\n\t\t\t\t<\/div>\n\t\t\t\t<div class=\"elementor-element elementor-element-bc20d61 elementor-widget elementor-widget-heading\" data-id=\"bc20d61\" data-element_type=\"widget\" data-e-type=\"widget\" data-widget_type=\"heading.default\">\n\t\t\t\t<div class=\"elementor-widget-container\">\n\t\t\t\t\t<h2 class=\"elementor-heading-title elementor-size-default\">L\u00ednea El\u00e9ctrica<\/h2>\t\t\t\t<\/div>\n\t\t\t\t<\/div>\n\t\t\t\t<div class=\"elementor-element elementor-element-751a88a elementor-widget elementor-widget-text-editor\" data-id=\"751a88a\" data-element_type=\"widget\" data-e-type=\"widget\" data-widget_type=\"text-editor.default\">\n\t\t\t\t<div class=\"elementor-widget-container\">\n\t\t\t\t\t\t\t\t\t<p><strong><em>Se cubrir\u00e1 garant\u00eda en caso de:<\/em><\/strong><\/p>\t\t\t\t\t\t\t\t<\/div>\n\t\t\t\t<\/div>\n\t\t\t\t<div class=\"elementor-element elementor-element-03049b2 elementor-widget elementor-widget-text-editor\" data-id=\"03049b2\" data-element_type=\"widget\" data-e-type=\"widget\" data-widget_type=\"text-editor.default\">\n\t\t\t\t<div class=\"elementor-widget-container\">\n\t\t\t\t\t\t\t\t\t<ol><li>El producto se encuentre dentro del <strong>tiempo de garant\u00eda. <\/strong><\/li><li>El producto no presente <strong>maltrato mec\u00e1nico <\/strong>(da\u00f1os en bornera, caja met\u00e1lica, bridas de sujeci\u00f3n, cables cortados o maltrato f\u00edsico en algunos de sus componentes).<\/li><li>El producto no haya sido sometido a <strong>sobretensi\u00f3n <\/strong>por periodos largos de tiempo. (Fallos o fluctuaciones en el suministro el\u00e9ctrico).<\/li><li>No muestre evidencias de <strong>sobre temperatura <\/strong>(Instalaci\u00f3n en luminarias donde la temperatura supere el m\u00e1ximo permitido descrito en el producto).<\/li><li>El producto no haya sufrido <strong>descargas atmosf\u00e9ricas<\/strong>.<\/li><li>No presente <strong>conexiones erradas<\/strong>. (El componente no est\u00e1 instalado de acuerdo al diagrama impreso en el sobre la carcasa y\/o ficha t\u00e9cnica).<\/li><li><strong>No presente da\u00f1os si alg\u00fan componente de la de la luminaria <\/strong>afecte la integridad y por ende la vida \u00fatil del producto.<\/li><li>El producto no presente <strong>penetraci\u00f3n de agua<\/strong>.<\/li><li><strong>No presente da\u00f1os por fuerza mayor<\/strong>, como, por ejemplo: fuego, inundaciones, actos de violencia o vand\u00e1licos<\/li><\/ol>\t\t\t\t\t\t\t\t<\/div>\n\t\t\t\t<\/div>\n\t\t\t\t<div class=\"elementor-element elementor-element-006da3e elementor-widget elementor-widget-heading\" data-id=\"006da3e\" data-element_type=\"widget\" data-e-type=\"widget\" data-widget_type=\"heading.default\">\n\t\t\t\t<div class=\"elementor-widget-container\">\n\t\t\t\t\t<h2 class=\"elementor-heading-title elementor-size-default\">L\u00ednea Electr\u00f3nica<\/h2>\t\t\t\t<\/div>\n\t\t\t\t<\/div>\n\t\t\t\t<div class=\"elementor-element elementor-element-5ec67a5 elementor-widget elementor-widget-text-editor\" data-id=\"5ec67a5\" data-element_type=\"widget\" data-e-type=\"widget\" data-widget_type=\"text-editor.default\">\n\t\t\t\t<div class=\"elementor-widget-container\">\n\t\t\t\t\t\t\t\t\t<p><strong><em>Se cubrir\u00e1 garant\u00eda en caso de:<\/em><\/strong><\/p>\t\t\t\t\t\t\t\t<\/div>\n\t\t\t\t<\/div>\n\t\t\t\t<div class=\"elementor-element elementor-element-d1d8d9d elementor-widget elementor-widget-text-editor\" data-id=\"d1d8d9d\" data-element_type=\"widget\" data-e-type=\"widget\" data-widget_type=\"text-editor.default\">\n\t\t\t\t<div class=\"elementor-widget-container\">\n\t\t\t\t\t\t\t\t\t<ol><li>El producto se encuentre dentro del <strong>tiempo de garant\u00eda. <\/strong>(Ver ficha t\u00e9cnica).<\/li><li>El producto no presente <strong>maltrato mec\u00e1nico <\/strong>(da\u00f1os f\u00edsicos en carcasa o ausencia de esta, pines de conexi\u00f3n, base de sujeci\u00f3n, componentes electr\u00f3nicos etc.)<\/li><li>El producto no haya sido sometido a <strong>sobretensi\u00f3n <\/strong>por periodos largos de tiempo. (Fallos o fluctuaciones en el suministro el\u00e9ctrico).<\/li><li>El producto no presente <strong>corto en carga<\/strong>, (Esto sucede cuando un componente de la luminaria est\u00e1 en corto, Conexiones erradas, que afecten la funcionalidad del producto).<\/li><li>El producto no haya sufrido <strong>descargas atmosf\u00e9ricas<\/strong>.<\/li><li>El producto no presente <strong>penetraci\u00f3n de agua<\/strong>.<\/li><li><strong>No presente da\u00f1os por fuerza mayor<\/strong>, como, por ejemplo: fuego, inundaciones, actos de violencia o vand\u00e1licos.<\/li><\/ol>\t\t\t\t\t\t\t\t<\/div>\n\t\t\t\t<\/div>\n\t\t\t\t<div class=\"elementor-element elementor-element-e581402 elementor-widget elementor-widget-heading\" data-id=\"e581402\" data-element_type=\"widget\" data-e-type=\"widget\" data-widget_type=\"heading.default\">\n\t\t\t\t<div class=\"elementor-widget-container\">\n\t\t\t\t\t<h2 class=\"elementor-heading-title elementor-size-default\">L\u00ednea de equipos mec\u00e1nicos<\/h2>\t\t\t\t<\/div>\n\t\t\t\t<\/div>\n\t\t\t\t<div class=\"elementor-element elementor-element-d889295 elementor-widget elementor-widget-text-editor\" data-id=\"d889295\" data-element_type=\"widget\" data-e-type=\"widget\" data-widget_type=\"text-editor.default\">\n\t\t\t\t<div class=\"elementor-widget-container\">\n\t\t\t\t\t\t\t\t\t<p><strong><em>Se cubrir\u00e1 garant\u00eda en caso de:<\/em><\/strong><\/p>\t\t\t\t\t\t\t\t<\/div>\n\t\t\t\t<\/div>\n\t\t\t\t<div class=\"elementor-element elementor-element-179e356 elementor-widget elementor-widget-text-editor\" data-id=\"179e356\" data-element_type=\"widget\" data-e-type=\"widget\" data-widget_type=\"text-editor.default\">\n\t\t\t\t<div class=\"elementor-widget-container\">\n\t\t\t\t\t\t\t\t\t<p>1. El producto se encuentre dentro del tiempo de garant\u00eda. (Ver ficha t\u00e9cnica).<br \/>2. El producto no presente maltrato mec\u00e1nico (da\u00f1os f\u00edsicos en carcasa o ausencia de esta, pines de conexi\u00f3n, base de sujeci\u00f3n, soportes, etc.)<br \/>3. l producto no presenten penetraci\u00f3n de agua.<br \/>4. No presente da\u00f1os por fuerza mayor, como por ejemplo: fuego, inundaciones, actos de violencia o vand\u00e1licos.<\/p>\t\t\t\t\t\t\t\t<\/div>\n\t\t\t\t<\/div>\n\t\t\t\t\t<\/div>\n\t\t\t\t<\/div>\n\t\t<div class=\"elementor-element elementor-element-46dc5c7 e-flex e-con-boxed e-con e-parent\" data-id=\"46dc5c7\" data-element_type=\"container\" data-e-type=\"container\">\n\t\t\t\t\t<div class=\"e-con-inner\">\n\t\t\t\t\t<\/div>\n\t\t\t\t<\/div>\n\t\t\t\t<\/div>","protected":false},"excerpt":{"rendered":"<p>Con el objetivo de garantizar el correcto uso y vida \u00fatil de los productos Inadisa, tener en cuenta las siguientes pol\u00edticas de garant\u00eda. IMPORTANTE: Antes de ser enviado cualquier material por devoluci\u00f3n, garant\u00eda o inconformidad, debe ser notificado con anterioridad a Inadisa a trav\u00e9s de su gestor comercial.Para mejorar el tempo de respuesta y an\u00e1lisis [&hellip;]<\/p>\n","protected":false},"author":1,"featured_media":0,"parent":0,"menu_order":0,"comment_status":"closed","ping_status":"closed","template":"","meta":{"footnotes":""},"class_list":["post-2435","page","type-page","status-publish","hentry"],"blocksy_meta":[],"_links":{"self":[{"href":"https:\/\/inadisa.com\/en\/wp-json\/wp\/v2\/pages\/2435","targetHints":{"allow":["GET"]}}],"collection":[{"href":"https:\/\/inadisa.com\/en\/wp-json\/wp\/v2\/pages"}],"about":[{"href":"https:\/\/inadisa.com\/en\/wp-json\/wp\/v2\/types\/page"}],"author":[{"embeddable":true,"href":"https:\/\/inadisa.com\/en\/wp-json\/wp\/v2\/users\/1"}],"replies":[{"embeddable":true,"href":"https:\/\/inadisa.com\/en\/wp-json\/wp\/v2\/comments?post=2435"}],"version-history":[{"count":7,"href":"https:\/\/inadisa.com\/en\/wp-json\/wp\/v2\/pages\/2435\/revisions"}],"predecessor-version":[{"id":2462,"href":"https:\/\/inadisa.com\/en\/wp-json\/wp\/v2\/pages\/2435\/revisions\/2462"}],"wp:attachment":[{"href":"https:\/\/inadisa.com\/en\/wp-json\/wp\/v2\/media?parent=2435"}],"curies":[{"name":"wp","href":"https:\/\/api.w.org\/{rel}","templated":true}]}}