{"id":1813,"date":"2025-02-12T02:04:47","date_gmt":"2025-02-12T02:04:47","guid":{"rendered":"https:\/\/inadisa.com\/?page_id=1813"},"modified":"2025-03-30T02:52:57","modified_gmt":"2025-03-30T02:52:57","slug":"baterias-de-litio","status":"publish","type":"page","link":"https:\/\/inadisa.com\/en\/linea-de-comercializacion\/baterias-de-litio\/","title":{"rendered":"Bater\u00edas de litio"},"content":{"rendered":"<div data-elementor-type=\"wp-page\" data-elementor-id=\"1813\" class=\"elementor elementor-1813\">\n\t\t\t\t<div class=\"elementor-element elementor-element-b24655f e-flex e-con-boxed e-con e-parent\" data-id=\"b24655f\" data-element_type=\"container\" data-e-type=\"container\">\n\t\t\t\t\t<div class=\"e-con-inner\">\n\t\t<div class=\"elementor-element elementor-element-1b88c9a e-flex e-con-boxed e-con e-child\" data-id=\"1b88c9a\" data-element_type=\"container\" data-e-type=\"container\" data-settings=\"{&quot;background_background&quot;:&quot;classic&quot;}\">\n\t\t\t\t\t<div class=\"e-con-inner\">\n\t\t<div class=\"elementor-element elementor-element-657070c e-con-full e-flex e-con e-child\" data-id=\"657070c\" data-element_type=\"container\" data-e-type=\"container\">\n\t\t\t\t<div class=\"elementor-element elementor-element-ff664a0 elementor-widget elementor-widget-shortcode\" data-id=\"ff664a0\" data-element_type=\"widget\" data-e-type=\"widget\" data-widget_type=\"shortcode.default\">\n\t\t\t\t<div class=\"elementor-widget-container\">\n\t\t\t\t\t\t\t<div class=\"elementor-shortcode\"><\/div>\n\t\t\t\t\t\t<\/div>\n\t\t\t\t<\/div>\n\t\t\t\t<div class=\"elementor-element elementor-element-3ff157b elementor-invisible elementor-widget elementor-widget-heading\" data-id=\"3ff157b\" data-element_type=\"widget\" data-e-type=\"widget\" data-settings=\"{&quot;_animation&quot;:&quot;fadeIn&quot;}\" data-widget_type=\"heading.default\">\n\t\t\t\t<div class=\"elementor-widget-container\">\n\t\t\t\t\t<h2 class=\"elementor-heading-title elementor-size-default\">Lithium Batteries<\/h2>\t\t\t\t<\/div>\n\t\t\t\t<\/div>\n\t\t\t\t<div class=\"elementor-element elementor-element-414ece8 elementor-invisible elementor-widget elementor-widget-text-editor\" data-id=\"414ece8\" data-element_type=\"widget\" data-e-type=\"widget\" data-settings=\"{&quot;_animation&quot;:&quot;fadeIn&quot;}\" data-widget_type=\"text-editor.default\">\n\t\t\t\t<div class=\"elementor-widget-container\">\n\t\t\t\t\t\t\t\t\t<p>LiFePO4 lithium batteries are highly efficient energy storage solutions, ideal for solar systems, off-grid applications and electric vehicles.<\/p><p>Disponibles en capacidades de <strong>30Ah, 36Ah, 48Ah<\/strong>, se adaptan perfectamente a tus necesidades de energ\u00eda. Estas bater\u00edas ofrecen una larga vida \u00fatil, m\u00e1s de <strong>3000 ciclos de carga<\/strong>, y cuentan con <strong>protecci\u00f3n contra sobrecarga, cortocircuitos y sobrecalentamiento<\/strong> para garantizar un funcionamiento seguro y confiable.<\/p><p><strong>Funcionamiento<\/strong><\/p><p>Las bater\u00edas de litio LiFePO4 proporcionan una descarga constante y eficiente de energ\u00eda, asegurando que tus sistemas operen sin interrupciones. Son perfectas para aplicaciones donde se requiere un almacenamiento de energ\u00eda duradero y con poco mantenimiento.<\/p><p><strong>Applications<\/strong><\/p><p>Sistemas solares off-grid<br \/>Almacenamiento de energ\u00eda en proyectos industriales<br \/>Veh\u00edculos el\u00e9ctricos<br \/>Equipos port\u00e1tiles y aplicaciones de respaldo<\/p><p><strong>Alcance de garant\u00eda<\/strong><\/p><p>La garant\u00eda cubre defectos de f\u00e1brica de las bater\u00edas comercializadas y distribuidas por nuestra empresa. Aplica \u00fanicamente cuando los productos se usan seg\u00fan las especificaciones del fabricante. La garant\u00eda no cubre da\u00f1os por mal uso, alteraciones o instalaci\u00f3n incorrecta.<\/p>\t\t\t\t\t\t\t\t<\/div>\n\t\t\t\t<\/div>\n\t\t\t\t<\/div>\n\t\t<div class=\"elementor-element elementor-element-98d9719 e-con-full e-flex e-con e-child\" data-id=\"98d9719\" data-element_type=\"container\" data-e-type=\"container\">\n\t\t\t\t<div class=\"elementor-element elementor-element-b701110 elementor-invisible elementor-widget elementor-widget-image\" data-id=\"b701110\" data-element_type=\"widget\" data-e-type=\"widget\" data-settings=\"{&quot;_animation&quot;:&quot;fadeInRight&quot;}\" data-widget_type=\"image.default\">\n\t\t\t\t<div class=\"elementor-widget-container\">\n\t\t\t\t\t\t\t\t\t\t\t\t\t\t\t<img fetchpriority=\"high\" decoding=\"async\" width=\"588\" height=\"577\" src=\"https:\/\/inadisa.com\/wp-content\/uploads\/2025\/02\/Group-25-2.png\" class=\"attachment-medium_large size-medium_large wp-image-1818\" alt=\"\" srcset=\"https:\/\/inadisa.com\/wp-content\/uploads\/2025\/02\/Group-25-2.png 588w, https:\/\/inadisa.com\/wp-content\/uploads\/2025\/02\/Group-25-2-300x294.png 300w, https:\/\/inadisa.com\/wp-content\/uploads\/2025\/02\/Group-25-2-12x12.png 12w\" sizes=\"(max-width: 588px) 100vw, 588px\" \/>\t\t\t\t\t\t\t\t\t\t\t\t\t\t\t<\/div>\n\t\t\t\t<\/div>\n\t\t\t\t<\/div>\n\t\t\t\t\t<\/div>\n\t\t\t\t<\/div>\n\t\t\t\t\t<\/div>\n\t\t\t\t<\/div>\n\t\t<div class=\"elementor-element elementor-element-8697075 e-flex e-con-boxed e-con e-parent\" data-id=\"8697075\" data-element_type=\"container\" data-e-type=\"container\">\n\t\t\t\t\t<div class=\"e-con-inner\">\n\t\t\t\t\t<\/div>\n\t\t\t\t<\/div>\n\t\t\t\t<\/div>","protected":false},"excerpt":{"rendered":"<p>Bater\u00edas de Litio Las bater\u00edas de litio LiFePO4 son soluciones de almacenamiento de energ\u00eda de alta eficiencia, ideales para sistemas solares, aplicaciones off-grid y veh\u00edculos el\u00e9ctricos. Disponibles en capacidades de 30Ah, 36Ah, 48Ah, se adaptan perfectamente a tus necesidades de energ\u00eda. Estas bater\u00edas ofrecen una larga vida \u00fatil, m\u00e1s de 3000 ciclos de carga, y [&hellip;]<\/p>\n","protected":false},"author":1,"featured_media":0,"parent":1789,"menu_order":0,"comment_status":"closed","ping_status":"closed","template":"","meta":{"footnotes":""},"class_list":["post-1813","page","type-page","status-publish","hentry"],"blocksy_meta":{"has_hero_section":"disabled","vertical_spacing_source":"custom","content_area_spacing":"none","styles_descriptor":{"styles":{"desktop":"","tablet":"","mobile":""},"google_fonts":[],"version":6}},"_links":{"self":[{"href":"https:\/\/inadisa.com\/en\/wp-json\/wp\/v2\/pages\/1813","targetHints":{"allow":["GET"]}}],"collection":[{"href":"https:\/\/inadisa.com\/en\/wp-json\/wp\/v2\/pages"}],"about":[{"href":"https:\/\/inadisa.com\/en\/wp-json\/wp\/v2\/types\/page"}],"author":[{"embeddable":true,"href":"https:\/\/inadisa.com\/en\/wp-json\/wp\/v2\/users\/1"}],"replies":[{"embeddable":true,"href":"https:\/\/inadisa.com\/en\/wp-json\/wp\/v2\/comments?post=1813"}],"version-history":[{"count":7,"href":"https:\/\/inadisa.com\/en\/wp-json\/wp\/v2\/pages\/1813\/revisions"}],"predecessor-version":[{"id":1824,"href":"https:\/\/inadisa.com\/en\/wp-json\/wp\/v2\/pages\/1813\/revisions\/1824"}],"up":[{"embeddable":true,"href":"https:\/\/inadisa.com\/en\/wp-json\/wp\/v2\/pages\/1789"}],"wp:attachment":[{"href":"https:\/\/inadisa.com\/en\/wp-json\/wp\/v2\/media?parent=1813"}],"curies":[{"name":"wp","href":"https:\/\/api.w.org\/{rel}","templated":true}]}}