{"id":1807,"date":"2025-02-12T01:52:29","date_gmt":"2025-02-12T01:52:29","guid":{"rendered":"https:\/\/inadisa.com\/?page_id=1807"},"modified":"2025-03-30T02:53:32","modified_gmt":"2025-03-30T02:53:32","slug":"interruptores","status":"publish","type":"page","link":"https:\/\/inadisa.com\/en\/linea-de-comercializacion\/interruptores\/","title":{"rendered":"Switches"},"content":{"rendered":"<div data-elementor-type=\"wp-page\" data-elementor-id=\"1807\" class=\"elementor elementor-1807\">\n\t\t\t\t<div class=\"elementor-element elementor-element-6d321c2 e-flex e-con-boxed e-con e-parent\" data-id=\"6d321c2\" data-element_type=\"container\" data-e-type=\"container\" data-settings=\"{&quot;background_background&quot;:&quot;classic&quot;}\">\n\t\t\t\t\t<div class=\"e-con-inner\">\n\t\t<div class=\"elementor-element elementor-element-e9e5a4b e-con-full e-flex e-con e-child\" data-id=\"e9e5a4b\" data-element_type=\"container\" data-e-type=\"container\">\n\t\t\t\t<div class=\"elementor-element elementor-element-3ff157b elementor-invisible elementor-widget elementor-widget-heading\" data-id=\"3ff157b\" data-element_type=\"widget\" data-e-type=\"widget\" data-settings=\"{&quot;_animation&quot;:&quot;fadeIn&quot;}\" data-widget_type=\"heading.default\">\n\t\t\t\t<div class=\"elementor-widget-container\">\n\t\t\t\t\t<h2 class=\"elementor-heading-title elementor-size-default\">Switches<\/h2>\t\t\t\t<\/div>\n\t\t\t\t<\/div>\n\t\t\t\t<div class=\"elementor-element elementor-element-414ece8 elementor-invisible elementor-widget elementor-widget-text-editor\" data-id=\"414ece8\" data-element_type=\"widget\" data-e-type=\"widget\" data-settings=\"{&quot;_animation&quot;:&quot;fadeIn&quot;}\" data-widget_type=\"text-editor.default\">\n\t\t\t\t<div class=\"elementor-widget-container\">\n\t\t\t\t\t\t\t\t\t<ul><li>Los <b>elementos de protecci\u00f3n para sistemas el\u00e9ctricos<\/b> est\u00e1n dise\u00f1ados para <b>proteger las personas y los equipos<\/b> contra situaciones de <b>sobrecarga, sobrecorriente o descargas atmosf\u00e9ricas<\/b>. Su funci\u00f3n principal es garantizar el buen funcionamiento del sistema el\u00e9ctrico y evitar da\u00f1os a los dispositivos conectados.<\/li><\/ul>\t\t\t\t\t\t\t\t<\/div>\n\t\t\t\t<\/div>\n\t\t\t\t<\/div>\n\t\t<div class=\"elementor-element elementor-element-aeb0345 e-con-full e-flex e-con e-child\" data-id=\"aeb0345\" data-element_type=\"container\" data-e-type=\"container\">\n\t\t\t\t<div class=\"elementor-element elementor-element-b701110 elementor-invisible elementor-widget elementor-widget-image\" data-id=\"b701110\" data-element_type=\"widget\" data-e-type=\"widget\" data-settings=\"{&quot;_animation&quot;:&quot;fadeInRight&quot;}\" data-widget_type=\"image.default\">\n\t\t\t\t<div class=\"elementor-widget-container\">\n\t\t\t\t\t\t\t\t\t\t\t\t\t\t\t<img fetchpriority=\"high\" decoding=\"async\" width=\"284\" height=\"300\" src=\"https:\/\/inadisa.com\/wp-content\/uploads\/2025\/02\/Group-24-1-284x300.png\" class=\"attachment-medium size-medium wp-image-1809\" alt=\"\" srcset=\"https:\/\/inadisa.com\/wp-content\/uploads\/2025\/02\/Group-24-1-284x300.png 284w, https:\/\/inadisa.com\/wp-content\/uploads\/2025\/02\/Group-24-1-11x12.png 11w, https:\/\/inadisa.com\/wp-content\/uploads\/2025\/02\/Group-24-1.png 473w\" sizes=\"(max-width: 284px) 100vw, 284px\" \/>\t\t\t\t\t\t\t\t\t\t\t\t\t\t\t<\/div>\n\t\t\t\t<\/div>\n\t\t\t\t<\/div>\n\t\t\t\t\t<\/div>\n\t\t\t\t<\/div>\n\t\t<div class=\"elementor-element elementor-element-8697075 e-flex e-con-boxed e-con e-parent\" data-id=\"8697075\" data-element_type=\"container\" data-e-type=\"container\">\n\t\t\t\t\t<div class=\"e-con-inner\">\n\t\t\t\t<div class=\"elementor-element elementor-element-6ed0bb6 elementor-invisible elementor-widget elementor-widget-heading\" data-id=\"6ed0bb6\" data-element_type=\"widget\" data-e-type=\"widget\" data-settings=\"{&quot;_animation&quot;:&quot;fadeIn&quot;}\" data-widget_type=\"heading.default\">\n\t\t\t\t<div class=\"elementor-widget-container\">\n\t\t\t\t\t<h2 class=\"elementor-heading-title elementor-size-default\">Features:<\/h2>\t\t\t\t<\/div>\n\t\t\t\t<\/div>\n\t\t\t\t<div class=\"elementor-element elementor-element-598ef40 elementor-invisible elementor-widget elementor-widget-text-editor\" data-id=\"598ef40\" data-element_type=\"widget\" data-e-type=\"widget\" data-settings=\"{&quot;_animation&quot;:&quot;fadeIn&quot;}\" data-widget_type=\"text-editor.default\">\n\t\t\t\t<div class=\"elementor-widget-container\">\n\t\t\t\t\t\t\t\t\t<p><b>Operation:<\/b><\/p><ul><li>Estos dispositivos act\u00faan r\u00e1pidamente ante fallas el\u00e9ctricas como sobrecargas o cortocircuitos. Al detectar una anomal\u00eda en el sistema, interrumpen el flujo de corriente para evitar da\u00f1os a los equipos y proteger a las personas en las cercan\u00edas. Cada dispositivo tiene una capacidad espec\u00edfica para cortar la corriente dependiendo del tipo de sistema.<\/li><li><b>Tipos de Elementos de Protecci\u00f3n:<\/b><\/li><li><b>Interruptor Enchufable MCB:<\/b> Utilizado principalmente en <b>instalaciones residenciales<\/b> o <b>tableros de iluminaci\u00f3n y control de cargas<\/b>. Su capacidad es de <b>10 <\/b><b>kA<\/b> para corriente de cortocircuito.<\/li><li><b>Interruptor Riel Din AC MCB:<\/b> Ideal para <b>tableros con conectores tipo DIN<\/b> en <b>instalaciones residenciales<\/b>, <b>sistemas de control de carga<\/b> y <b>aplicaciones industriales<\/b>, con una <b>capacidad de 6 <\/b><b>kA<\/b> para corriente de cortocircuito.<\/li><li><b>Interruptor Riel Din DC MCB:<\/b> Perfecto para <b>instalaciones en corriente continua (DC)<\/b> como <b>sistemas fotovoltaicos<\/b>, <b>e\u00f3licos<\/b> y <b>centros de bater\u00edas<\/b>, con una <b>capacidad de 4,5 <\/b><b>kA<\/b> para corriente de cortocircuito.<\/li><\/ul><p><b>Applications:<\/b><\/p><ul><li><b>Instalaciones Residenciales:<\/b> Protecci\u00f3n para circuitos el\u00e9ctricos dom\u00e9sticos y equipos conectados.<\/li><li><b>Sistemas Industriales:<\/b> Prevenci\u00f3n de da\u00f1os en equipos y sistemas el\u00e9ctricos de grandes industrias.<\/li><li><b>Instalaciones Fotovoltaicas y E\u00f3licas:<\/b> Protege las instalaciones de energ\u00edas renovables y centros de bater\u00edas frente a cortocircuitos y sobrecargas.<\/li><\/ul>\t\t\t\t\t\t\t\t<\/div>\n\t\t\t\t<\/div>\n\t\t\t\t\t<\/div>\n\t\t\t\t<\/div>\n\t\t\t\t<\/div>","protected":false},"excerpt":{"rendered":"<p>Interruptores Los elementos de protecci\u00f3n para sistemas el\u00e9ctricos est\u00e1n dise\u00f1ados para proteger las personas y los equipos contra situaciones de sobrecarga, sobrecorriente o descargas atmosf\u00e9ricas. Su funci\u00f3n principal es garantizar el buen funcionamiento del sistema el\u00e9ctrico y evitar da\u00f1os a los dispositivos conectados. Caracter\u00edsticas Funcionamiento: Estos dispositivos act\u00faan r\u00e1pidamente ante fallas el\u00e9ctricas como sobrecargas o [&hellip;]<\/p>\n","protected":false},"author":1,"featured_media":0,"parent":1789,"menu_order":0,"comment_status":"closed","ping_status":"closed","template":"","meta":{"footnotes":""},"class_list":["post-1807","page","type-page","status-publish","hentry"],"blocksy_meta":{"has_hero_section":"disabled","vertical_spacing_source":"custom","content_area_spacing":"none","styles_descriptor":{"styles":{"desktop":"","tablet":"","mobile":""},"google_fonts":[],"version":6}},"_links":{"self":[{"href":"https:\/\/inadisa.com\/en\/wp-json\/wp\/v2\/pages\/1807","targetHints":{"allow":["GET"]}}],"collection":[{"href":"https:\/\/inadisa.com\/en\/wp-json\/wp\/v2\/pages"}],"about":[{"href":"https:\/\/inadisa.com\/en\/wp-json\/wp\/v2\/types\/page"}],"author":[{"embeddable":true,"href":"https:\/\/inadisa.com\/en\/wp-json\/wp\/v2\/users\/1"}],"replies":[{"embeddable":true,"href":"https:\/\/inadisa.com\/en\/wp-json\/wp\/v2\/comments?post=1807"}],"version-history":[{"count":7,"href":"https:\/\/inadisa.com\/en\/wp-json\/wp\/v2\/pages\/1807\/revisions"}],"predecessor-version":[{"id":1974,"href":"https:\/\/inadisa.com\/en\/wp-json\/wp\/v2\/pages\/1807\/revisions\/1974"}],"up":[{"embeddable":true,"href":"https:\/\/inadisa.com\/en\/wp-json\/wp\/v2\/pages\/1789"}],"wp:attachment":[{"href":"https:\/\/inadisa.com\/en\/wp-json\/wp\/v2\/media?parent=1807"}],"curies":[{"name":"wp","href":"https:\/\/api.w.org\/{rel}","templated":true}]}}