{"id":1801,"date":"2025-02-12T01:50:04","date_gmt":"2025-02-12T01:50:04","guid":{"rendered":"https:\/\/inadisa.com\/?page_id=1801"},"modified":"2025-03-30T02:53:23","modified_gmt":"2025-03-30T02:53:23","slug":"cintas","status":"publish","type":"page","link":"https:\/\/inadisa.com\/en\/linea-de-comercializacion\/cintas\/","title":{"rendered":"Tapes"},"content":{"rendered":"<div data-elementor-type=\"wp-page\" data-elementor-id=\"1801\" class=\"elementor elementor-1801\">\n\t\t\t\t<div class=\"elementor-element elementor-element-b24655f e-flex e-con-boxed e-con e-parent\" data-id=\"b24655f\" data-element_type=\"container\" data-e-type=\"container\">\n\t\t\t\t\t<div class=\"e-con-inner\">\n\t\t<div class=\"elementor-element elementor-element-1b88c9a e-flex e-con-boxed e-con e-child\" data-id=\"1b88c9a\" data-element_type=\"container\" data-e-type=\"container\" data-settings=\"{&quot;background_background&quot;:&quot;classic&quot;}\">\n\t\t\t\t\t<div class=\"e-con-inner\">\n\t\t<div class=\"elementor-element elementor-element-657070c e-con-full e-flex e-con e-child\" data-id=\"657070c\" data-element_type=\"container\" data-e-type=\"container\">\n\t\t\t\t<div class=\"elementor-element elementor-element-ff664a0 elementor-widget elementor-widget-shortcode\" data-id=\"ff664a0\" data-element_type=\"widget\" data-e-type=\"widget\" data-widget_type=\"shortcode.default\">\n\t\t\t\t<div class=\"elementor-widget-container\">\n\t\t\t\t\t\t\t<div class=\"elementor-shortcode\"><\/div>\n\t\t\t\t\t\t<\/div>\n\t\t\t\t<\/div>\n\t\t\t\t<div class=\"elementor-element elementor-element-3ff157b elementor-invisible elementor-widget elementor-widget-heading\" data-id=\"3ff157b\" data-element_type=\"widget\" data-e-type=\"widget\" data-settings=\"{&quot;_animation&quot;:&quot;fadeIn&quot;}\" data-widget_type=\"heading.default\">\n\t\t\t\t<div class=\"elementor-widget-container\">\n\t\t\t\t\t<h2 class=\"elementor-heading-title elementor-size-default\">Stainless steel tapes<\/h2>\t\t\t\t<\/div>\n\t\t\t\t<\/div>\n\t\t\t\t<div class=\"elementor-element elementor-element-414ece8 elementor-invisible elementor-widget elementor-widget-text-editor\" data-id=\"414ece8\" data-element_type=\"widget\" data-e-type=\"widget\" data-settings=\"{&quot;_animation&quot;:&quot;fadeIn&quot;}\" data-widget_type=\"text-editor.default\">\n\t\t\t\t<div class=\"elementor-widget-container\">\n\t\t\t\t\t\t\t\t\t<p>Las cintas de acero inoxidable de INADISA son ideales para asegurar objetos a postes, como se\u00f1ales de tr\u00e1nsito, luminarias, transformadores, gabinetes, l\u00edneas y equipos de medici\u00f3n. Estas cintas ofrecen una sujeci\u00f3n robusta y confiable en diferentes entornos, garantizando la seguridad y durabilidad de las instalaciones.<\/p>\t\t\t\t\t\t\t\t<\/div>\n\t\t\t\t<\/div>\n\t\t\t\t<\/div>\n\t\t<div class=\"elementor-element elementor-element-98d9719 e-con-full e-flex e-con e-child\" data-id=\"98d9719\" data-element_type=\"container\" data-e-type=\"container\">\n\t\t\t\t<div class=\"elementor-element elementor-element-b701110 elementor-invisible elementor-widget elementor-widget-image\" data-id=\"b701110\" data-element_type=\"widget\" data-e-type=\"widget\" data-settings=\"{&quot;_animation&quot;:&quot;fadeInRight&quot;}\" data-widget_type=\"image.default\">\n\t\t\t\t<div class=\"elementor-widget-container\">\n\t\t\t\t\t\t\t\t\t\t\t\t\t\t\t<img fetchpriority=\"high\" decoding=\"async\" width=\"602\" height=\"752\" src=\"https:\/\/inadisa.com\/wp-content\/uploads\/2025\/02\/Group-23-1.png\" class=\"attachment-medium_large size-medium_large wp-image-1803\" alt=\"\" srcset=\"https:\/\/inadisa.com\/wp-content\/uploads\/2025\/02\/Group-23-1.png 602w, https:\/\/inadisa.com\/wp-content\/uploads\/2025\/02\/Group-23-1-240x300.png 240w, https:\/\/inadisa.com\/wp-content\/uploads\/2025\/02\/Group-23-1-10x12.png 10w\" sizes=\"(max-width: 602px) 100vw, 602px\" \/>\t\t\t\t\t\t\t\t\t\t\t\t\t\t\t<\/div>\n\t\t\t\t<\/div>\n\t\t\t\t<\/div>\n\t\t\t\t\t<\/div>\n\t\t\t\t<\/div>\n\t\t\t\t\t<\/div>\n\t\t\t\t<\/div>\n\t\t<div class=\"elementor-element elementor-element-8697075 e-flex e-con-boxed e-con e-parent\" data-id=\"8697075\" data-element_type=\"container\" data-e-type=\"container\">\n\t\t\t\t\t<div class=\"e-con-inner\">\n\t\t\t\t<div class=\"elementor-element elementor-element-8e1bcf8 elementor-invisible elementor-widget elementor-widget-heading\" data-id=\"8e1bcf8\" data-element_type=\"widget\" data-e-type=\"widget\" data-settings=\"{&quot;_animation&quot;:&quot;fadeIn&quot;}\" data-widget_type=\"heading.default\">\n\t\t\t\t<div class=\"elementor-widget-container\">\n\t\t\t\t\t<h2 class=\"elementor-heading-title elementor-size-default\">Stainless steel tapes<\/h2>\t\t\t\t<\/div>\n\t\t\t\t<\/div>\n\t\t\t\t<div class=\"elementor-element elementor-element-0fc205e elementor-invisible elementor-widget elementor-widget-text-editor\" data-id=\"0fc205e\" data-element_type=\"widget\" data-e-type=\"widget\" data-settings=\"{&quot;_animation&quot;:&quot;fadeIn&quot;}\" data-widget_type=\"text-editor.default\">\n\t\t\t\t<div class=\"elementor-widget-container\">\n\t\t\t\t\t\t\t\t\t<p>Certificaci\u00f3n:<br \/>Todas nuestras cintas est\u00e1n certificadas conforme al RETIE, lo que asegura el cumplimiento con los est\u00e1ndares de seguridad y calidad establecidos para instalaciones el\u00e9ctricas.<br \/>Materiales Disponibles:<br \/>Acero AISI 201: Cinta de acero inoxidable recomendada para zonas con baja contaminaci\u00f3n, y en ambientes con niveles bajos de qu\u00edmicos corrosivos o salinos.<br \/>Acero AISI 304: Cinta de acero con mayor presencia de n\u00edquel, ideal para entornos industriales o \u00e1reas costeras que requieren una mayor resistencia a la corrosi\u00f3n.<br \/>Tama\u00f1os Disponibles:<br \/>3\/8&#8243;<br \/>1\/2&#8243;<br \/>5\/8&#8243;<br \/>3\/4&#8243;<\/p>\t\t\t\t\t\t\t\t<\/div>\n\t\t\t\t<\/div>\n\t\t\t\t\t<\/div>\n\t\t\t\t<\/div>\n\t\t\t\t<\/div>","protected":false},"excerpt":{"rendered":"<p>Cintas de acero inoxidable Las cintas de acero inoxidable de INADISA son ideales para asegurar objetos a postes, como se\u00f1ales de tr\u00e1nsito, luminarias, transformadores, gabinetes, l\u00edneas y equipos de medici\u00f3n. Estas cintas ofrecen una sujeci\u00f3n robusta y confiable en diferentes entornos, garantizando la seguridad y durabilidad de las instalaciones. Cintas de acero inoxidable Certificaci\u00f3n:Todas nuestras [&hellip;]<\/p>\n","protected":false},"author":1,"featured_media":0,"parent":1789,"menu_order":0,"comment_status":"closed","ping_status":"closed","template":"","meta":{"footnotes":""},"class_list":["post-1801","page","type-page","status-publish","hentry"],"blocksy_meta":{"has_hero_section":"disabled","vertical_spacing_source":"custom","content_area_spacing":"none","styles_descriptor":{"styles":{"desktop":"","tablet":"","mobile":""},"google_fonts":[],"version":6}},"_links":{"self":[{"href":"https:\/\/inadisa.com\/en\/wp-json\/wp\/v2\/pages\/1801","targetHints":{"allow":["GET"]}}],"collection":[{"href":"https:\/\/inadisa.com\/en\/wp-json\/wp\/v2\/pages"}],"about":[{"href":"https:\/\/inadisa.com\/en\/wp-json\/wp\/v2\/types\/page"}],"author":[{"embeddable":true,"href":"https:\/\/inadisa.com\/en\/wp-json\/wp\/v2\/users\/1"}],"replies":[{"embeddable":true,"href":"https:\/\/inadisa.com\/en\/wp-json\/wp\/v2\/comments?post=1801"}],"version-history":[{"count":16,"href":"https:\/\/inadisa.com\/en\/wp-json\/wp\/v2\/pages\/1801\/revisions"}],"predecessor-version":[{"id":2091,"href":"https:\/\/inadisa.com\/en\/wp-json\/wp\/v2\/pages\/1801\/revisions\/2091"}],"up":[{"embeddable":true,"href":"https:\/\/inadisa.com\/en\/wp-json\/wp\/v2\/pages\/1789"}],"wp:attachment":[{"href":"https:\/\/inadisa.com\/en\/wp-json\/wp\/v2\/media?parent=1801"}],"curies":[{"name":"wp","href":"https:\/\/api.w.org\/{rel}","templated":true}]}}