{"id":1676,"date":"2025-02-11T19:40:56","date_gmt":"2025-02-11T19:40:56","guid":{"rendered":"https:\/\/inadisa.com\/?page_id=1676"},"modified":"2025-03-30T02:56:19","modified_gmt":"2025-03-30T02:56:19","slug":"psp","status":"publish","type":"page","link":"https:\/\/inadisa.com\/en\/linea-led\/psp\/","title":{"rendered":"PSP"},"content":{"rendered":"<div data-elementor-type=\"wp-page\" data-elementor-id=\"1676\" class=\"elementor elementor-1676\">\n\t\t\t\t<div class=\"elementor-element elementor-element-b24655f e-flex e-con-boxed e-con e-parent\" data-id=\"b24655f\" data-element_type=\"container\" data-e-type=\"container\">\n\t\t\t\t\t<div class=\"e-con-inner\">\n\t\t<div class=\"elementor-element elementor-element-1b88c9a e-flex e-con-boxed e-con e-child\" data-id=\"1b88c9a\" data-element_type=\"container\" data-e-type=\"container\" data-settings=\"{&quot;background_background&quot;:&quot;classic&quot;}\">\n\t\t\t\t\t<div class=\"e-con-inner\">\n\t\t<div class=\"elementor-element elementor-element-657070c e-con-full e-flex e-con e-child\" data-id=\"657070c\" data-element_type=\"container\" data-e-type=\"container\">\n\t\t\t\t<div class=\"elementor-element elementor-element-3ff157b elementor-invisible elementor-widget elementor-widget-heading\" data-id=\"3ff157b\" data-element_type=\"widget\" data-e-type=\"widget\" data-settings=\"{&quot;_animation&quot;:&quot;fadeIn&quot;}\" data-widget_type=\"heading.default\">\n\t\t\t\t<div class=\"elementor-widget-container\">\n\t\t\t\t\t<h2 class=\"elementor-heading-title elementor-size-default\">PSP<\/h2>\t\t\t\t<\/div>\n\t\t\t\t<\/div>\n\t\t\t\t<div class=\"elementor-element elementor-element-414ece8 elementor-invisible elementor-widget elementor-widget-text-editor\" data-id=\"414ece8\" data-element_type=\"widget\" data-e-type=\"widget\" data-settings=\"{&quot;_animation&quot;:&quot;fadeIn&quot;}\" data-widget_type=\"text-editor.default\">\n\t\t\t\t<div class=\"elementor-widget-container\">\n\t\t\t\t\t\t\t\t\t<p>The PSP is a device designed to protect LED luminaires against temporary surges. This device quickly detects surges and acts efficiently, opening the power circuit to prevent surges from damaging the luminaire's electrical components.<\/p>\t\t\t\t\t\t\t\t<\/div>\n\t\t\t\t<\/div>\n\t\t\t\t<\/div>\n\t\t<div class=\"elementor-element elementor-element-98d9719 e-con-full e-flex e-con e-child\" data-id=\"98d9719\" data-element_type=\"container\" data-e-type=\"container\">\n\t\t\t\t<div class=\"elementor-element elementor-element-b701110 elementor-invisible elementor-widget elementor-widget-image\" data-id=\"b701110\" data-element_type=\"widget\" data-e-type=\"widget\" data-settings=\"{&quot;_animation&quot;:&quot;fadeInRight&quot;}\" data-widget_type=\"image.default\">\n\t\t\t\t<div class=\"elementor-widget-container\">\n\t\t\t\t\t\t\t\t\t\t\t\t\t\t\t<img fetchpriority=\"high\" decoding=\"async\" width=\"768\" height=\"483\" src=\"https:\/\/inadisa.com\/wp-content\/uploads\/2025\/02\/Group-14-768x483.png\" class=\"attachment-medium_large size-medium_large wp-image-1681\" alt=\"\" srcset=\"https:\/\/inadisa.com\/wp-content\/uploads\/2025\/02\/Group-14-768x483.png 768w, https:\/\/inadisa.com\/wp-content\/uploads\/2025\/02\/Group-14-300x189.png 300w, https:\/\/inadisa.com\/wp-content\/uploads\/2025\/02\/Group-14-1024x645.png 1024w, https:\/\/inadisa.com\/wp-content\/uploads\/2025\/02\/Group-14-1536x967.png 1536w, https:\/\/inadisa.com\/wp-content\/uploads\/2025\/02\/Group-14.png 1549w\" sizes=\"(max-width: 768px) 100vw, 768px\" \/>\t\t\t\t\t\t\t\t\t\t\t\t\t\t\t<\/div>\n\t\t\t\t<\/div>\n\t\t\t\t<\/div>\n\t\t\t\t\t<\/div>\n\t\t\t\t<\/div>\n\t\t\t\t\t<\/div>\n\t\t\t\t<\/div>\n\t\t<div class=\"elementor-element elementor-element-8697075 e-flex e-con-boxed e-con e-parent\" data-id=\"8697075\" data-element_type=\"container\" data-e-type=\"container\">\n\t\t\t\t\t<div class=\"e-con-inner\">\n\t\t\t\t<div class=\"elementor-element elementor-element-2780a47 elementor-invisible elementor-widget elementor-widget-heading\" data-id=\"2780a47\" data-element_type=\"widget\" data-e-type=\"widget\" data-settings=\"{&quot;_animation&quot;:&quot;fadeIn&quot;}\" data-widget_type=\"heading.default\">\n\t\t\t\t<div class=\"elementor-widget-container\">\n\t\t\t\t\t<h2 class=\"elementor-heading-title elementor-size-default\">Features:<\/h2>\t\t\t\t<\/div>\n\t\t\t\t<\/div>\n\t\t\t\t<div class=\"elementor-element elementor-element-23cf4fc elementor-invisible elementor-widget elementor-widget-text-editor\" data-id=\"23cf4fc\" data-element_type=\"widget\" data-e-type=\"widget\" data-settings=\"{&quot;_animation&quot;:&quot;fadeIn&quot;}\" data-widget_type=\"text-editor.default\">\n\t\t\t\t<div class=\"elementor-widget-container\">\n\t\t\t\t\t\t\t\t\t<p class=\"translation-block\"><strong>Operation:<\/strong><br><strong>Voltage Range:<\/strong> The PSP monitors the mains input voltage, working effectively over a range of 208Vrms to 480Vrms (RMS stands for \u201crms value\u201d and is a standard way of measuring electrical power accurately).<br><strong>Protection against fluctuations:<\/strong> In the event of voltage fluctuations, the device opens the circuit, protecting the luminaire and preventing damage to its internal components.<br><strong>Automatic reconnection:<\/strong> After the overvoltage event passes, the PSP automatically reconnects without the need for manual intervention.<br><strong>Applications:<\/strong><br>Protection of LED luminaires in street and outdoor lighting systems.<br>Lighting systems in sensitive areas requiring additional protection against temporary voltage spikes.<\/p>\t\t\t\t\t\t\t\t<\/div>\n\t\t\t\t<\/div>\n\t\t\t\t\t<\/div>\n\t\t\t\t<\/div>\n\t\t\t\t<\/div>","protected":false},"excerpt":{"rendered":"<p>PSP El PSP es un dispositivo dise\u00f1ado para proteger las luminarias LED contra sobretensiones temporales. Este dispositivo detecta r\u00e1pidamente las sobretensiones y act\u00faa de manera eficiente, abriendo el circuito de alimentaci\u00f3n para evitar que las sobrecargas da\u00f1en los componentes el\u00e9ctricos de la luminaria. Caracter\u00edsticas Funcionamiento:Rango de tensi\u00f3n: El PSP monitorea la tensi\u00f3n de entrada de [&hellip;]<\/p>\n","protected":false},"author":1,"featured_media":0,"parent":1492,"menu_order":0,"comment_status":"closed","ping_status":"closed","template":"","meta":{"footnotes":""},"class_list":["post-1676","page","type-page","status-publish","hentry"],"blocksy_meta":{"has_hero_section":"disabled","vertical_spacing_source":"custom","content_area_spacing":"none","styles_descriptor":{"styles":{"desktop":"","tablet":"","mobile":""},"google_fonts":[],"version":6}},"_links":{"self":[{"href":"https:\/\/inadisa.com\/en\/wp-json\/wp\/v2\/pages\/1676","targetHints":{"allow":["GET"]}}],"collection":[{"href":"https:\/\/inadisa.com\/en\/wp-json\/wp\/v2\/pages"}],"about":[{"href":"https:\/\/inadisa.com\/en\/wp-json\/wp\/v2\/types\/page"}],"author":[{"embeddable":true,"href":"https:\/\/inadisa.com\/en\/wp-json\/wp\/v2\/users\/1"}],"replies":[{"embeddable":true,"href":"https:\/\/inadisa.com\/en\/wp-json\/wp\/v2\/comments?post=1676"}],"version-history":[{"count":10,"href":"https:\/\/inadisa.com\/en\/wp-json\/wp\/v2\/pages\/1676\/revisions"}],"predecessor-version":[{"id":1951,"href":"https:\/\/inadisa.com\/en\/wp-json\/wp\/v2\/pages\/1676\/revisions\/1951"}],"up":[{"embeddable":true,"href":"https:\/\/inadisa.com\/en\/wp-json\/wp\/v2\/pages\/1492"}],"wp:attachment":[{"href":"https:\/\/inadisa.com\/en\/wp-json\/wp\/v2\/media?parent=1676"}],"curies":[{"name":"wp","href":"https:\/\/api.w.org\/{rel}","templated":true}]}}