{"id":1657,"date":"2025-02-11T19:02:52","date_gmt":"2025-02-11T19:02:52","guid":{"rendered":"https:\/\/inadisa.com\/?page_id=1657"},"modified":"2025-03-30T02:55:31","modified_gmt":"2025-03-30T02:55:31","slug":"base-de-7-pines","status":"publish","type":"page","link":"https:\/\/inadisa.com\/en\/linea-led\/base-de-7-pines\/","title":{"rendered":"7-pin base"},"content":{"rendered":"<div data-elementor-type=\"wp-page\" data-elementor-id=\"1657\" class=\"elementor elementor-1657\">\n\t\t\t\t<div class=\"elementor-element elementor-element-b24655f e-flex e-con-boxed e-con e-parent\" data-id=\"b24655f\" data-element_type=\"container\" data-e-type=\"container\">\n\t\t\t\t\t<div class=\"e-con-inner\">\n\t\t<div class=\"elementor-element elementor-element-1b88c9a e-flex e-con-boxed e-con e-child\" data-id=\"1b88c9a\" data-element_type=\"container\" data-e-type=\"container\" data-settings=\"{&quot;background_background&quot;:&quot;classic&quot;}\">\n\t\t\t\t\t<div class=\"e-con-inner\">\n\t\t<div class=\"elementor-element elementor-element-657070c e-con-full e-flex e-con e-child\" data-id=\"657070c\" data-element_type=\"container\" data-e-type=\"container\">\n\t\t\t\t<div class=\"elementor-element elementor-element-3ff157b elementor-invisible elementor-widget elementor-widget-heading\" data-id=\"3ff157b\" data-element_type=\"widget\" data-e-type=\"widget\" data-settings=\"{&quot;_animation&quot;:&quot;fadeIn&quot;}\" data-widget_type=\"heading.default\">\n\t\t\t\t<div class=\"elementor-widget-container\">\n\t\t\t\t\t<h2 class=\"elementor-heading-title elementor-size-default\">7-pin base<\/h2>\t\t\t\t<\/div>\n\t\t\t\t<\/div>\n\t\t\t\t<div class=\"elementor-element elementor-element-414ece8 elementor-invisible elementor-widget elementor-widget-text-editor\" data-id=\"414ece8\" data-element_type=\"widget\" data-e-type=\"widget\" data-settings=\"{&quot;_animation&quot;:&quot;fadeIn&quot;}\" data-widget_type=\"text-editor.default\">\n\t\t\t\t<div class=\"elementor-widget-container\">\n\t\t\t\t\t\t\t\t\t<ul><li><b>Description:<\/b> El <b>7-pin programmable photocontrol<\/b> is a device for <b>automatic control<\/b> for public lighting luminaires, which allows for <b>programar<\/b> y <b>adjust<\/b> The luminaires can be switched on and off according to the specific needs of the project. With <b>7 connection pins<\/b>adapts to a variety of lighting systems, offering greater flexibility and customization in lighting control.<\/li><\/ul>\t\t\t\t\t\t\t\t<\/div>\n\t\t\t\t<\/div>\n\t\t\t\t<\/div>\n\t\t<div class=\"elementor-element elementor-element-98d9719 e-con-full e-flex e-con e-child\" data-id=\"98d9719\" data-element_type=\"container\" data-e-type=\"container\">\n\t\t\t\t<div class=\"elementor-element elementor-element-b701110 elementor-invisible elementor-widget elementor-widget-image\" data-id=\"b701110\" data-element_type=\"widget\" data-e-type=\"widget\" data-settings=\"{&quot;_animation&quot;:&quot;fadeInRight&quot;}\" data-widget_type=\"image.default\">\n\t\t\t\t<div class=\"elementor-widget-container\">\n\t\t\t\t\t\t\t\t\t\t\t\t\t\t\t<img fetchpriority=\"high\" decoding=\"async\" width=\"1024\" height=\"616\" src=\"https:\/\/inadisa.com\/wp-content\/uploads\/2025\/02\/Group-11-1024x616.png\" class=\"attachment-large size-large wp-image-1659\" alt=\"\" srcset=\"https:\/\/inadisa.com\/wp-content\/uploads\/2025\/02\/Group-11-1024x616.png 1024w, https:\/\/inadisa.com\/wp-content\/uploads\/2025\/02\/Group-11-300x181.png 300w, https:\/\/inadisa.com\/wp-content\/uploads\/2025\/02\/Group-11-768x462.png 768w, https:\/\/inadisa.com\/wp-content\/uploads\/2025\/02\/Group-11-1536x925.png 1536w, https:\/\/inadisa.com\/wp-content\/uploads\/2025\/02\/Group-11.png 1711w\" sizes=\"(max-width: 1024px) 100vw, 1024px\" \/>\t\t\t\t\t\t\t\t\t\t\t\t\t\t\t<\/div>\n\t\t\t\t<\/div>\n\t\t\t\t<\/div>\n\t\t\t\t\t<\/div>\n\t\t\t\t<\/div>\n\t\t\t\t\t<\/div>\n\t\t\t\t<\/div>\n\t\t<div class=\"elementor-element elementor-element-52f5dce e-flex e-con-boxed e-con e-parent\" data-id=\"52f5dce\" data-element_type=\"container\" data-e-type=\"container\">\n\t\t\t\t\t<div class=\"e-con-inner\">\n\t\t\t\t<div class=\"elementor-element elementor-element-d230269 elementor-invisible elementor-widget elementor-widget-heading\" data-id=\"d230269\" data-element_type=\"widget\" data-e-type=\"widget\" data-settings=\"{&quot;_animation&quot;:&quot;fadeIn&quot;}\" data-widget_type=\"heading.default\">\n\t\t\t\t<div class=\"elementor-widget-container\">\n\t\t\t\t\t<h2 class=\"elementor-heading-title elementor-size-default\">Features:<\/h2>\t\t\t\t<\/div>\n\t\t\t\t<\/div>\n\t\t\t\t<div class=\"elementor-element elementor-element-67f7731 elementor-invisible elementor-widget elementor-widget-text-editor\" data-id=\"67f7731\" data-element_type=\"widget\" data-e-type=\"widget\" data-settings=\"{&quot;_animation&quot;:&quot;fadeIn&quot;}\" data-widget_type=\"text-editor.default\">\n\t\t\t\t<div class=\"elementor-widget-container\">\n\t\t\t\t\t\t\t\t\t<p class=\"translation-block\"><strong>NEMA Twist Lock connectors: <\/strong> Allow a<strong>fast and secure connection<\/strong>between the luminaire and the photocontrol.<br><strong>Easy installation:<\/strong> Reduces assembly time and ensures a streamlined process.<br><strong>High durability: <\/strong> Designed to withstand harsh outdoor conditions.<br><strong>Energy Efficiency:<\/strong> Optimizes energy use by automatically controlling the luminaires.<br><strong>Applications:<\/strong><br><strong>Street lighting<\/strong> in streets, avenues and highways.<br><strong>Lighting in parks and commercial spaces.<\/strong><br><strong>Outdoor lighting systems <\/strong>in general.<\/p>\t\t\t\t\t\t\t\t<\/div>\n\t\t\t\t<\/div>\n\t\t\t\t\t<\/div>\n\t\t\t\t<\/div>\n\t\t\t\t<\/div>","protected":false},"excerpt":{"rendered":"<p>Base de 7 pines Descripci\u00f3n: El fotocontrol programable de 7 pines es un dispositivo de control autom\u00e1tico para luminarias de alumbrado p\u00fablico, que permite programar y ajustar el encendido y apagado de las luminarias seg\u00fan las necesidades espec\u00edficas del proyecto. Con 7 pines de conexi\u00f3n, se adapta a una variedad de sistemas de alumbrado, ofreciendo [&hellip;]<\/p>\n","protected":false},"author":1,"featured_media":0,"parent":1492,"menu_order":0,"comment_status":"closed","ping_status":"closed","template":"","meta":{"footnotes":""},"class_list":["post-1657","page","type-page","status-publish","hentry"],"blocksy_meta":{"has_hero_section":"disabled","vertical_spacing_source":"custom","content_area_spacing":"none","styles_descriptor":{"styles":{"desktop":"","tablet":"","mobile":""},"google_fonts":[],"version":6}},"_links":{"self":[{"href":"https:\/\/inadisa.com\/en\/wp-json\/wp\/v2\/pages\/1657","targetHints":{"allow":["GET"]}}],"collection":[{"href":"https:\/\/inadisa.com\/en\/wp-json\/wp\/v2\/pages"}],"about":[{"href":"https:\/\/inadisa.com\/en\/wp-json\/wp\/v2\/types\/page"}],"author":[{"embeddable":true,"href":"https:\/\/inadisa.com\/en\/wp-json\/wp\/v2\/users\/1"}],"replies":[{"embeddable":true,"href":"https:\/\/inadisa.com\/en\/wp-json\/wp\/v2\/comments?post=1657"}],"version-history":[{"count":10,"href":"https:\/\/inadisa.com\/en\/wp-json\/wp\/v2\/pages\/1657\/revisions"}],"predecessor-version":[{"id":1944,"href":"https:\/\/inadisa.com\/en\/wp-json\/wp\/v2\/pages\/1657\/revisions\/1944"}],"up":[{"embeddable":true,"href":"https:\/\/inadisa.com\/en\/wp-json\/wp\/v2\/pages\/1492"}],"wp:attachment":[{"href":"https:\/\/inadisa.com\/en\/wp-json\/wp\/v2\/media?parent=1657"}],"curies":[{"name":"wp","href":"https:\/\/api.w.org\/{rel}","templated":true}]}}