{"id":1036,"date":"2024-02-10T13:43:00","date_gmt":"2024-02-10T13:43:00","guid":{"rendered":"https:\/\/startersites.io\/elementor\/smile-dent\/?page_id=1036"},"modified":"2025-05-25T14:10:13","modified_gmt":"2025-05-25T14:10:13","slug":"nosotros","status":"publish","type":"page","link":"https:\/\/inadisa.com\/en\/nosotros\/","title":{"rendered":"About us"},"content":{"rendered":"<div data-elementor-type=\"wp-page\" data-elementor-id=\"1036\" class=\"elementor elementor-1036\">\n\t\t\t\t<div class=\"elementor-element elementor-element-3aad820 e-flex e-con-boxed e-con e-parent\" data-id=\"3aad820\" data-element_type=\"container\" data-e-type=\"container\" data-settings=\"{&quot;background_background&quot;:&quot;classic&quot;}\">\n\t\t\t\t\t<div class=\"e-con-inner\">\n\t\t\t\t<div class=\"elementor-element elementor-element-835169e elementor-widget elementor-widget-spacer\" data-id=\"835169e\" data-element_type=\"widget\" data-e-type=\"widget\" data-widget_type=\"spacer.default\">\n\t\t\t\t<div class=\"elementor-widget-container\">\n\t\t\t\t\t\t\t<div class=\"elementor-spacer\">\n\t\t\t<div class=\"elementor-spacer-inner\"><\/div>\n\t\t<\/div>\n\t\t\t\t\t\t<\/div>\n\t\t\t\t<\/div>\n\t\t\t\t<div class=\"elementor-element elementor-element-4394ad9 elementor-widget elementor-widget-heading\" data-id=\"4394ad9\" data-element_type=\"widget\" data-e-type=\"widget\" data-widget_type=\"heading.default\">\n\t\t\t\t<div class=\"elementor-widget-container\">\n\t\t\t\t\t<h2 class=\"elementor-heading-title elementor-size-default\">Industria Andina de Iluminaci\u00f3n S.A<\/h2>\t\t\t\t<\/div>\n\t\t\t\t<\/div>\n\t\t\t\t<div class=\"elementor-element elementor-element-bfacf07 elementor-widget elementor-widget-spacer\" data-id=\"bfacf07\" data-element_type=\"widget\" data-e-type=\"widget\" data-widget_type=\"spacer.default\">\n\t\t\t\t<div class=\"elementor-widget-container\">\n\t\t\t\t\t\t\t<div class=\"elementor-spacer\">\n\t\t\t<div class=\"elementor-spacer-inner\"><\/div>\n\t\t<\/div>\n\t\t\t\t\t\t<\/div>\n\t\t\t\t<\/div>\n\t\t\t\t\t<\/div>\n\t\t\t\t<\/div>\n\t\t<div class=\"elementor-element elementor-element-f73abff e-flex e-con-boxed e-con e-parent\" data-id=\"f73abff\" data-element_type=\"container\" data-e-type=\"container\" data-settings=\"{&quot;background_background&quot;:&quot;classic&quot;}\">\n\t\t\t\t\t<div class=\"e-con-inner\">\n\t\t\t\t<div class=\"elementor-element elementor-element-4f9dc74 elementor-widget elementor-widget-heading\" data-id=\"4f9dc74\" data-element_type=\"widget\" data-e-type=\"widget\" data-widget_type=\"heading.default\">\n\t\t\t\t<div class=\"elementor-widget-container\">\n\t\t\t\t\t<h2 class=\"elementor-heading-title elementor-size-default\">\u00bfWho we are?<\/h2>\t\t\t\t<\/div>\n\t\t\t\t<\/div>\n\t\t\t\t<div class=\"elementor-element elementor-element-c9a47b3 elementor-widget__width-initial elementor-widget elementor-widget-text-editor\" data-id=\"c9a47b3\" data-element_type=\"widget\" data-e-type=\"widget\" data-widget_type=\"text-editor.default\">\n\t\t\t\t<div class=\"elementor-widget-container\">\n\t\t\t\t\t\t\t\t\t<p>We are a Colombian company with more than 3 decades of experience in the lighting market manufacturing and designing products for the public and industrial lighting market.\u00a0<\/p><p>We have one of the best laboratories for technical testing and performance, along with highly qualified personnel that through innovation, research and development allows us to bring you products of the highest quality and efficiency.<\/p>\t\t\t\t\t\t\t\t<\/div>\n\t\t\t\t<\/div>\n\t\t\t\t\t<\/div>\n\t\t\t\t<\/div>\n\t\t<div class=\"elementor-element elementor-element-e271e0a e-flex e-con-boxed e-con e-parent\" data-id=\"e271e0a\" data-element_type=\"container\" data-e-type=\"container\">\n\t\t\t\t\t<div class=\"e-con-inner\">\n\t\t\t\t<div class=\"elementor-element elementor-element-356e987 elementor-widget elementor-widget-spacer\" data-id=\"356e987\" data-element_type=\"widget\" data-e-type=\"widget\" data-widget_type=\"spacer.default\">\n\t\t\t\t<div class=\"elementor-widget-container\">\n\t\t\t\t\t\t\t<div class=\"elementor-spacer\">\n\t\t\t<div class=\"elementor-spacer-inner\"><\/div>\n\t\t<\/div>\n\t\t\t\t\t\t<\/div>\n\t\t\t\t<\/div>\n\t\t\t\t\t<\/div>\n\t\t\t\t<\/div>\n\t\t<div class=\"elementor-element elementor-element-9ff67ad e-flex e-con-boxed e-con e-parent\" data-id=\"9ff67ad\" data-element_type=\"container\" data-e-type=\"container\">\n\t\t\t\t\t<div class=\"e-con-inner\">\n\t\t<div class=\"elementor-element elementor-element-0346e66 e-con-full e-flex e-con e-child\" data-id=\"0346e66\" data-element_type=\"container\" data-e-type=\"container\" data-settings=\"{&quot;background_background&quot;:&quot;classic&quot;}\">\n\t\t<div class=\"elementor-element elementor-element-ae424cd e-con-full e-flex e-con e-child\" data-id=\"ae424cd\" data-element_type=\"container\" data-e-type=\"container\" data-settings=\"{&quot;background_background&quot;:&quot;classic&quot;,&quot;position&quot;:&quot;absolute&quot;}\">\n\t\t\t\t<\/div>\n\t\t\t\t<div class=\"elementor-element elementor-element-d2dc0ed elementor-widget elementor-widget-image\" data-id=\"d2dc0ed\" data-element_type=\"widget\" data-e-type=\"widget\" data-widget_type=\"image.default\">\n\t\t\t\t<div class=\"elementor-widget-container\">\n\t\t\t\t\t\t\t\t\t\t\t\t\t\t\t<img fetchpriority=\"high\" decoding=\"async\" width=\"1024\" height=\"683\" src=\"https:\/\/inadisa.com\/wp-content\/uploads\/2025\/02\/DSC_0393-1d28d65-1-1024x683.png\" class=\"attachment-large size-large wp-image-2066\" alt=\"\" srcset=\"https:\/\/inadisa.com\/wp-content\/uploads\/2025\/02\/DSC_0393-1d28d65-1-1024x683.png 1024w, https:\/\/inadisa.com\/wp-content\/uploads\/2025\/02\/DSC_0393-1d28d65-1-300x200.png 300w, https:\/\/inadisa.com\/wp-content\/uploads\/2025\/02\/DSC_0393-1d28d65-1-768x512.png 768w, https:\/\/inadisa.com\/wp-content\/uploads\/2025\/02\/DSC_0393-1d28d65-1-18x12.png 18w, https:\/\/inadisa.com\/wp-content\/uploads\/2025\/02\/DSC_0393-1d28d65-1.png 1392w\" sizes=\"(max-width: 1024px) 100vw, 1024px\" \/>\t\t\t\t\t\t\t\t\t\t\t\t\t\t\t<\/div>\n\t\t\t\t<\/div>\n\t\t\t\t<\/div>\n\t\t<div class=\"elementor-element elementor-element-077c00b e-con-full e-flex e-con e-child\" data-id=\"077c00b\" data-element_type=\"container\" data-e-type=\"container\">\n\t\t\t\t<div class=\"elementor-element elementor-element-81976f0 elementor-widget elementor-widget-heading\" data-id=\"81976f0\" data-element_type=\"widget\" data-e-type=\"widget\" data-widget_type=\"heading.default\">\n\t\t\t\t<div class=\"elementor-widget-container\">\n\t\t\t\t\t<h2 class=\"elementor-heading-title elementor-size-default\">Mission<\/h2>\t\t\t\t<\/div>\n\t\t\t\t<\/div>\n\t\t\t\t<div class=\"elementor-element elementor-element-c52d273 elementor-hidden-desktop elementor-hidden-tablet elementor-hidden-mobile elementor-widget elementor-widget-text-editor\" data-id=\"c52d273\" data-element_type=\"widget\" data-e-type=\"widget\" data-widget_type=\"text-editor.default\">\n\t\t\t\t<div class=\"elementor-widget-container\">\n\t\t\t\t\t\t\t\t\t<p>Manufacture and market electrical and electronic equipment for lighting in an environment of commitment, motivation and teamwork through a culture of quality and efficiency, complying with legal and regulatory standards to meet the needs of stakeholders and the market.<\/p>\t\t\t\t\t\t\t\t<\/div>\n\t\t\t\t<\/div>\n\t\t\t\t<div class=\"elementor-element elementor-element-9ae0823 elementor-widget elementor-widget-text-editor\" data-id=\"9ae0823\" data-element_type=\"widget\" data-e-type=\"widget\" data-widget_type=\"text-editor.default\">\n\t\t\t\t<div class=\"elementor-widget-container\">\n\t\t\t\t\t\t\t\t\t<div>We specialize in designing, manufacturing and marketing solutions in the electrical sector in low and medium voltage, developing components for luminaires, control and power transformers, photovoltaic lighting and energy management platforms in the ecosystem of smart cities; through innovation, commitment, motivation, teamwork through a culture of quality and efficiency, to meet market needs.<\/div>\t\t\t\t\t\t\t\t<\/div>\n\t\t\t\t<\/div>\n\t\t\t\t<\/div>\n\t\t\t\t\t<\/div>\n\t\t\t\t<\/div>\n\t\t<div class=\"elementor-element elementor-element-20d710c e-flex e-con-boxed e-con e-parent\" data-id=\"20d710c\" data-element_type=\"container\" data-e-type=\"container\" data-settings=\"{&quot;background_background&quot;:&quot;classic&quot;}\">\n\t\t\t\t\t<div class=\"e-con-inner\">\n\t\t<div class=\"elementor-element elementor-element-90026e5 e-con-full e-flex e-con e-child\" data-id=\"90026e5\" data-element_type=\"container\" data-e-type=\"container\">\n\t\t\t\t<div class=\"elementor-element elementor-element-3b6b564 elementor-widget elementor-widget-heading\" data-id=\"3b6b564\" data-element_type=\"widget\" data-e-type=\"widget\" data-widget_type=\"heading.default\">\n\t\t\t\t<div class=\"elementor-widget-container\">\n\t\t\t\t\t<h2 class=\"elementor-heading-title elementor-size-default\">Vision<\/h2>\t\t\t\t<\/div>\n\t\t\t\t<\/div>\n\t\t\t\t<div class=\"elementor-element elementor-element-e3ab9d4 elementor-hidden-desktop elementor-hidden-tablet elementor-hidden-mobile elementor-widget elementor-widget-text-editor\" data-id=\"e3ab9d4\" data-element_type=\"widget\" data-e-type=\"widget\" data-widget_type=\"text-editor.default\">\n\t\t\t\t<div class=\"elementor-widget-container\">\n\t\t\t\t\t\t\t\t\t<p>In 2027 to be recognized as a leading company in the innovation of electrical and\/or electronic products for the development of integral solutions, adapting to new technologies and the market.<\/p><h4 class=\"x-el x-el-h4 c1-1 c1-2 c1-16 c1-17 c1-8m c1-1p c1-1o c1-19 c1-1a c1-b c1-bc c1-63 c1-1e c1-66 c1-68 c1-69 c1-6a\" role=\"heading\" aria-level=\"4\" data-ux=\"ContentHeading\" data-aid=\"ABOUT_HEADLINE_RENDERED2\" data-typography=\"HeadingDelta\">Values<\/h4><div class=\"x-el c1-1 c1-2 c1-16 c1-17 c1-18 c1-19 c1-1a c1-1b c1-8n c1-8o c1-8p c1-8q c1-8r c1-8s c1-8t c1-8u c1-8v c1-8w c1-8x c1-8y c1-8z c1-90 c1-91 c1-92 c1-93 c1-94 c1-95 c1-96 c1-97 c1-98 c1-99 c1-9a c1-9b c1-9c c1-9d c1-9e c1-9f c1-9g c1-9h c1-9i c1-7n c1-b c1-bd c1-c c1-1e c1-d c1-e c1-f c1-g x-rt\" data-ux=\"ContentText\" data-aid=\"ABOUT_DESCRIPTION_RENDERED2\" data-typography=\"BodyAlpha\"><p>Compliance<\/p><p>Commitment<\/p><p>Human Quality<\/p><p>Quality Culture<\/p><\/div>\t\t\t\t\t\t\t\t<\/div>\n\t\t\t\t<\/div>\n\t\t\t\t<div class=\"elementor-element elementor-element-191312f elementor-widget elementor-widget-text-editor\" data-id=\"191312f\" data-element_type=\"widget\" data-e-type=\"widget\" data-widget_type=\"text-editor.default\">\n\t\t\t\t<div class=\"elementor-widget-container\">\n\t\t\t\t\t\t\t\t\t<div>By 2030, to consolidate our position as a leading company in Latin America in the development of innovative electrical and electronic solutions, offering high quality products, integrating emerging technologies oriented to smart cities, IoT and Industry 4.0, with a sustainable, adaptable and focused on the needs of the global market.<\/div>\t\t\t\t\t\t\t\t<\/div>\n\t\t\t\t<\/div>\n\t\t\t\t<\/div>\n\t\t<div class=\"elementor-element elementor-element-419ad5c e-con-full e-flex e-con e-child\" data-id=\"419ad5c\" data-element_type=\"container\" data-e-type=\"container\">\n\t\t\t\t<div class=\"elementor-element elementor-element-2b7f19e elementor-widget elementor-widget-image\" data-id=\"2b7f19e\" data-element_type=\"widget\" data-e-type=\"widget\" data-widget_type=\"image.default\">\n\t\t\t\t<div class=\"elementor-widget-container\">\n\t\t\t\t\t\t\t\t\t\t\t\t\t\t\t<img decoding=\"async\" width=\"1024\" height=\"768\" src=\"https:\/\/inadisa.com\/wp-content\/uploads\/2025\/02\/2-OFF-GRID-1-1024x768.jpg\" class=\"attachment-large size-large wp-image-1518\" alt=\"\" srcset=\"https:\/\/inadisa.com\/wp-content\/uploads\/2025\/02\/2-OFF-GRID-1-1024x768.jpg 1024w, https:\/\/inadisa.com\/wp-content\/uploads\/2025\/02\/2-OFF-GRID-1-300x225.jpg 300w, https:\/\/inadisa.com\/wp-content\/uploads\/2025\/02\/2-OFF-GRID-1-768x576.jpg 768w, https:\/\/inadisa.com\/wp-content\/uploads\/2025\/02\/2-OFF-GRID-1.jpg 1280w\" sizes=\"(max-width: 1024px) 100vw, 1024px\" \/>\t\t\t\t\t\t\t\t\t\t\t\t\t\t\t<\/div>\n\t\t\t\t<\/div>\n\t\t\t\t<div class=\"elementor-element elementor-element-fb66b64 elementor-widget elementor-widget-image\" data-id=\"fb66b64\" data-element_type=\"widget\" data-e-type=\"widget\" data-widget_type=\"image.default\">\n\t\t\t\t<div class=\"elementor-widget-container\">\n\t\t\t\t\t\t\t\t\t\t\t\t\t\t\t<img decoding=\"async\" width=\"1024\" height=\"768\" src=\"https:\/\/inadisa.com\/wp-content\/uploads\/2025\/02\/WhatsApp-Image-2024-01-19-at-2.38.17-PM-1-1024x768.jpeg\" class=\"attachment-large size-large wp-image-1519\" alt=\"\" srcset=\"https:\/\/inadisa.com\/wp-content\/uploads\/2025\/02\/WhatsApp-Image-2024-01-19-at-2.38.17-PM-1-1024x768.jpeg 1024w, https:\/\/inadisa.com\/wp-content\/uploads\/2025\/02\/WhatsApp-Image-2024-01-19-at-2.38.17-PM-1-300x225.jpeg 300w, https:\/\/inadisa.com\/wp-content\/uploads\/2025\/02\/WhatsApp-Image-2024-01-19-at-2.38.17-PM-1-768x576.jpeg 768w, https:\/\/inadisa.com\/wp-content\/uploads\/2025\/02\/WhatsApp-Image-2024-01-19-at-2.38.17-PM-1-1536x1152.jpeg 1536w, https:\/\/inadisa.com\/wp-content\/uploads\/2025\/02\/WhatsApp-Image-2024-01-19-at-2.38.17-PM-1.jpeg 1600w\" sizes=\"(max-width: 1024px) 100vw, 1024px\" \/>\t\t\t\t\t\t\t\t\t\t\t\t\t\t\t<\/div>\n\t\t\t\t<\/div>\n\t\t\t\t<\/div>\n\t\t\t\t\t<\/div>\n\t\t\t\t<\/div>\n\t\t<div class=\"elementor-element elementor-element-1cbbd54 e-flex e-con-boxed e-con e-parent\" data-id=\"1cbbd54\" data-element_type=\"container\" data-e-type=\"container\" data-settings=\"{&quot;background_background&quot;:&quot;classic&quot;}\">\n\t\t\t\t\t<div class=\"e-con-inner\">\n\t\t\t\t<div class=\"elementor-element elementor-element-fe255b2 elementor-widget elementor-widget-heading\" data-id=\"fe255b2\" data-element_type=\"widget\" data-e-type=\"widget\" data-widget_type=\"heading.default\">\n\t\t\t\t<div class=\"elementor-widget-container\">\n\t\t\t\t\t<h2 class=\"elementor-heading-title elementor-size-default\">Know our history<\/h2>\t\t\t\t<\/div>\n\t\t\t\t<\/div>\n\t\t\t\t<div class=\"elementor-element elementor-element-4ffb1c2 elementor-widget elementor-widget-be-timeline\" data-id=\"4ffb1c2\" data-element_type=\"widget\" data-e-type=\"widget\" data-widget_type=\"be-timeline.default\">\n\t\t\t\t<div class=\"elementor-widget-container\">\n\t\t\t\t\t<ul class=\"be-pack timeline\"><li class=\"timeline-right\"> \n\t\t\t<div class=\"tl-circ\"><\/div>\n\t\t <div class=\"timeline-panel\">\n\t\t   <div class=\"tl-heading\">\n\t\t\t <div class=\"tl-content\">\n\n\t\t\t    \n\t\t\t\t\t\t<div class=\"timeline_pic pull-left\"><img loading=\"lazy\" decoding=\"async\" width=\"167\" height=\"149\" src=\"https:\/\/inadisa.com\/wp-content\/uploads\/2025\/02\/Group-27-1.png\" class=\"attachment-medium size-medium wp-image-1837\" srcset=\"https:\/\/inadisa.com\/wp-content\/uploads\/2025\/02\/Group-27-1.png 167w, https:\/\/inadisa.com\/wp-content\/uploads\/2025\/02\/Group-27-1-13x12.png 13w\" sizes=\"(max-width: 167px) 100vw, 167px\" \/><\/div>\n\t\t\t\t\t\t<div class=\"be-desc\">\n\t\t\t\t\t\t\t<h2 class=\"be-title\">1988<\/h2>\t\t\t\t\t\t\t<div class=\"be-content\"><p>The lighting company is born.<\/p><\/div>\t\t\t\t\t\t<\/div>\n\n\t\t\t\t\t\n\t\t\t\t<\/div>\n\n\t\t\t<\/div>\n\t\t<\/div>\n\t\t\t<\/li>\n\t\t\t<li class=\"timeline-inverted\"> \n\t\t\t<div class=\"tl-circ\"><\/div>\n\t\t <div class=\"timeline-panel\">\n\t\t   <div class=\"tl-heading\">\n\t\t\t <div class=\"tl-content\">\n\n\t\t\t    \n\t\t\t\t\t\t<div class=\"timeline_pic pull-left\"><img loading=\"lazy\" decoding=\"async\" width=\"150\" height=\"150\" src=\"https:\/\/inadisa.com\/wp-content\/uploads\/2025\/02\/Group-28-1-150x150.png\" class=\"attachment-thumbnail size-thumbnail wp-image-1838\" srcset=\"https:\/\/inadisa.com\/wp-content\/uploads\/2025\/02\/Group-28-1-150x150.png 150w, https:\/\/inadisa.com\/wp-content\/uploads\/2025\/02\/Group-28-1-12x12.png 12w, https:\/\/inadisa.com\/wp-content\/uploads\/2025\/02\/Group-28-1.png 151w\" sizes=\"(max-width: 150px) 100vw, 150px\" \/><\/div>\n\t\t\t\t\t\t<div class=\"be-desc\">\n\t\t\t\t\t\t\t<h2 class=\"be-title\">1988<\/h2>\t\t\t\t\t\t\t<div class=\"be-content\"><p>The company name INADISA is born.<\/p><\/div>\t\t\t\t\t\t<\/div>\n\n\t\t\t\t\t\n\t\t\t\t<\/div>\n\n\t\t\t<\/div>\n\t\t<\/div>\n\t\t\t<\/li>\n\t\t\t<li class=\"timeline-right\"> \n\t\t\t<div class=\"tl-circ\"><\/div>\n\t\t <div class=\"timeline-panel\">\n\t\t   <div class=\"tl-heading\">\n\t\t\t <div class=\"tl-content\">\n\n\t\t\t    \n\t\t\t\t\t\t<div class=\"timeline_pic pull-left\"><img loading=\"lazy\" decoding=\"async\" width=\"150\" height=\"150\" src=\"https:\/\/inadisa.com\/wp-content\/uploads\/2025\/02\/Group-29-2-150x150.png\" class=\"attachment-thumbnail size-thumbnail wp-image-1839\" \/><\/div>\n\t\t\t\t\t\t<div class=\"be-desc\">\n\t\t\t\t\t\t\t<h2 class=\"be-title\">2001<\/h2>\t\t\t\t\t\t\t<div class=\"be-content\"><p>We received ISO 9001 certification.<\/p><\/div>\t\t\t\t\t\t<\/div>\n\n\t\t\t\t\t\n\t\t\t\t<\/div>\n\n\t\t\t<\/div>\n\t\t<\/div>\n\t\t\t<\/li>\n\t\t\t<li class=\"timeline-inverted\"> \n\t\t\t<div class=\"tl-circ\"><\/div>\n\t\t <div class=\"timeline-panel\">\n\t\t   <div class=\"tl-heading\">\n\t\t\t <div class=\"tl-content\">\n\n\t\t\t    \n\t\t\t\t\t\t<div class=\"timeline_pic pull-left\"><img loading=\"lazy\" decoding=\"async\" width=\"150\" height=\"150\" src=\"https:\/\/inadisa.com\/wp-content\/uploads\/2025\/02\/Group-30-150x150.png\" class=\"attachment-thumbnail size-thumbnail wp-image-1844\" \/><\/div>\n\t\t\t\t\t\t<div class=\"be-desc\">\n\t\t\t\t\t\t\t<h2 class=\"be-title\">2003<\/h2>\t\t\t\t\t\t\t<div class=\"be-content\"><p>We launched our line of bases and photocontrols.<\/p><\/div>\t\t\t\t\t\t<\/div>\n\n\t\t\t\t\t\n\t\t\t\t<\/div>\n\n\t\t\t<\/div>\n\t\t<\/div>\n\t\t\t<\/li>\n\t\t\t<li class=\"timeline-right\"> \n\t\t\t<div class=\"tl-circ\"><\/div>\n\t\t <div class=\"timeline-panel\">\n\t\t   <div class=\"tl-heading\">\n\t\t\t <div class=\"tl-content\">\n\n\t\t\t    \n\t\t\t\t\t\t<div class=\"timeline_pic pull-left\"><img loading=\"lazy\" decoding=\"async\" width=\"150\" height=\"150\" src=\"https:\/\/inadisa.com\/wp-content\/uploads\/2025\/02\/Group-32-150x150.png\" class=\"attachment-thumbnail size-thumbnail wp-image-1845\" \/><\/div>\n\t\t\t\t\t\t<div class=\"be-desc\">\n\t\t\t\t\t\t\t<h2 class=\"be-title\">2017<\/h2>\t\t\t\t\t\t\t<div class=\"be-content\"><p>We launch our new line of DPS and DRIVERS.<\/p><\/div>\t\t\t\t\t\t<\/div>\n\n\t\t\t\t\t\n\t\t\t\t<\/div>\n\n\t\t\t<\/div>\n\t\t<\/div>\n\t\t\t<\/li>\n\t\t\t<li class=\"timeline-inverted\"> \n\t\t\t<div class=\"tl-circ\"><\/div>\n\t\t <div class=\"timeline-panel\">\n\t\t   <div class=\"tl-heading\">\n\t\t\t <div class=\"tl-content\">\n\n\t\t\t    \n\t\t\t\t\t\t<div class=\"timeline_pic pull-left\"><img loading=\"lazy\" decoding=\"async\" width=\"150\" height=\"150\" src=\"https:\/\/inadisa.com\/wp-content\/uploads\/2025\/02\/Group-33-150x150.png\" class=\"attachment-thumbnail size-thumbnail wp-image-1846\" srcset=\"https:\/\/inadisa.com\/wp-content\/uploads\/2025\/02\/Group-33-150x150.png 150w, https:\/\/inadisa.com\/wp-content\/uploads\/2025\/02\/Group-33-11x12.png 11w\" sizes=\"(max-width: 150px) 100vw, 150px\" \/><\/div>\n\t\t\t\t\t\t<div class=\"be-desc\">\n\t\t\t\t\t\t\t<h2 class=\"be-title\">2018<\/h2>\t\t\t\t\t\t\t<div class=\"be-content\"><p>We launched our photovoltaic system.<\/p><\/div>\t\t\t\t\t\t<\/div>\n\n\t\t\t\t\t\n\t\t\t\t<\/div>\n\n\t\t\t<\/div>\n\t\t<\/div>\n\t\t\t<\/li>\n\t\t\t<li class=\"timeline-right\"> \n\t\t\t<div class=\"tl-circ\"><\/div>\n\t\t <div class=\"timeline-panel\">\n\t\t   <div class=\"tl-heading\">\n\t\t\t <div class=\"tl-content\">\n\n\t\t\t    \n\t\t\t\t\t\t<div class=\"timeline_pic pull-left\"><img loading=\"lazy\" decoding=\"async\" width=\"150\" height=\"150\" src=\"https:\/\/inadisa.com\/wp-content\/uploads\/2025\/02\/Group-34-1-150x150.png\" class=\"attachment-thumbnail size-thumbnail wp-image-1847\" \/><\/div>\n\t\t\t\t\t\t<div class=\"be-desc\">\n\t\t\t\t\t\t\t<h2 class=\"be-title\">2020<\/h2>\t\t\t\t\t\t\t<div class=\"be-content\"><p>We launched our stainless steel strip line.<\/p><\/div>\t\t\t\t\t\t<\/div>\n\n\t\t\t\t\t\n\t\t\t\t<\/div>\n\n\t\t\t<\/div>\n\t\t<\/div>\n\t\t\t<\/li>\n\t\t\t<li class=\"timeline-inverted\"> \n\t\t\t<div class=\"tl-circ\"><\/div>\n\t\t <div class=\"timeline-panel\">\n\t\t   <div class=\"tl-heading\">\n\t\t\t <div class=\"tl-content\">\n\n\t\t\t    \n\t\t\t\t\t\t<div class=\"timeline_pic pull-left\"><img loading=\"lazy\" decoding=\"async\" width=\"150\" height=\"150\" src=\"https:\/\/inadisa.com\/wp-content\/uploads\/2025\/02\/Group-35-1-150x150.png\" class=\"attachment-thumbnail size-thumbnail wp-image-1848\" \/><\/div>\n\t\t\t\t\t\t<div class=\"be-desc\">\n\t\t\t\t\t\t\t<h2 class=\"be-title\">2022<\/h2>\t\t\t\t\t\t\t<div class=\"be-content\"><p>We launched our line of boards and switches.<\/p><\/div>\t\t\t\t\t\t<\/div>\n\n\t\t\t\t\t\n\t\t\t\t<\/div>\n\n\t\t\t<\/div>\n\t\t<\/div>\n\t\t\t<\/li>\n\t\t\t<li class=\"timeline-right\"> \n\t\t\t<div class=\"tl-circ\"><\/div>\n\t\t <div class=\"timeline-panel\">\n\t\t   <div class=\"tl-heading\">\n\t\t\t <div class=\"tl-content\">\n\n\t\t\t    \n\t\t\t\t\t\t<div class=\"timeline_pic pull-left\"><img loading=\"lazy\" decoding=\"async\" width=\"150\" height=\"150\" src=\"https:\/\/inadisa.com\/wp-content\/uploads\/2025\/02\/Group-31-150x150.png\" class=\"attachment-thumbnail size-thumbnail wp-image-2015\" srcset=\"https:\/\/inadisa.com\/wp-content\/uploads\/2025\/02\/Group-31-150x150.png 150w, https:\/\/inadisa.com\/wp-content\/uploads\/2025\/02\/Group-31-13x12.png 13w\" sizes=\"(max-width: 150px) 100vw, 150px\" \/><\/div>\n\t\t\t\t\t\t<div class=\"be-desc\">\n\t\t\t\t\t\t\t<h2 class=\"be-title\">2023<\/h2>\t\t\t\t\t\t\t<div class=\"be-content\"><p>Launching of Remote management system<\/p><\/div>\t\t\t\t\t\t<\/div>\n\n\t\t\t\t\t\n\t\t\t\t<\/div>\n\n\t\t\t<\/div>\n\t\t<\/div>\n\t\t\t<\/li>\n\t\t\t<li class=\"timeline-inverted\"> \n\t\t\t<div class=\"tl-circ\"><\/div>\n\t\t <div class=\"timeline-panel\">\n\t\t   <div class=\"tl-heading\">\n\t\t\t <div class=\"tl-content\">\n\n\t\t\t    \n\t\t\t\t\t\t<div class=\"timeline_pic pull-left\"><img loading=\"lazy\" decoding=\"async\" width=\"150\" height=\"150\" src=\"https:\/\/inadisa.com\/wp-content\/uploads\/2025\/02\/Group-32-1-150x150.png\" class=\"attachment-thumbnail size-thumbnail wp-image-2057\" srcset=\"https:\/\/inadisa.com\/wp-content\/uploads\/2025\/02\/Group-32-1-150x150.png 150w, https:\/\/inadisa.com\/wp-content\/uploads\/2025\/02\/Group-32-1-13x12.png 13w\" sizes=\"(max-width: 150px) 100vw, 150px\" \/><\/div>\n\t\t\t\t\t\t<div class=\"be-desc\">\n\t\t\t\t\t\t\t<h2 class=\"be-title\">2024<\/h2>\t\t\t\t\t\t\t<div class=\"be-content\"><p>We became authorized distributors of ITAIPU transformers.<\/p><\/div>\t\t\t\t\t\t<\/div>\n\n\t\t\t\t\t\n\t\t\t\t<\/div>\n\n\t\t\t<\/div>\n\t\t<\/div>\n\t\t\t<\/li>\n\t\t\t \n      <\/ul>\n\n\t\t\t\t\t<\/div>\n\t\t\t\t<\/div>\n\t\t\t\t\t<\/div>\n\t\t\t\t<\/div>\n\t\t\t\t<\/div>","protected":false},"excerpt":{"rendered":"<p>Industria Andina de Iluminaci\u00f3n S.A \u00bfQui\u00e9nes somos? Somos una empresa colombiana con m\u00e1s de 3 d\u00e9cadas de experiencia en el mercado de iluminaci\u00f3n fabricando y dise\u00f1ando productos para el mercado de iluminaci\u00f3n p\u00fablica e industrial.\u00a0 Contamos con uno de los mejores laboratorios depruebas t\u00e9cnicas y desempe\u00f1o, junto con el personal altamente calificado que mediante la [&hellip;]<\/p>\n","protected":false},"author":1,"featured_media":0,"parent":0,"menu_order":0,"comment_status":"closed","ping_status":"closed","template":"elementor_header_footer","meta":{"footnotes":""},"class_list":["post-1036","page","type-page","status-publish","hentry"],"blocksy_meta":{"has_hero_section":"disabled","vertical_spacing_source":"custom","content_area_spacing":"none","styles_descriptor":{"styles":{"desktop":"","tablet":"","mobile":""},"google_fonts":[],"version":6}},"_links":{"self":[{"href":"https:\/\/inadisa.com\/en\/wp-json\/wp\/v2\/pages\/1036","targetHints":{"allow":["GET"]}}],"collection":[{"href":"https:\/\/inadisa.com\/en\/wp-json\/wp\/v2\/pages"}],"about":[{"href":"https:\/\/inadisa.com\/en\/wp-json\/wp\/v2\/types\/page"}],"author":[{"embeddable":true,"href":"https:\/\/inadisa.com\/en\/wp-json\/wp\/v2\/users\/1"}],"replies":[{"embeddable":true,"href":"https:\/\/inadisa.com\/en\/wp-json\/wp\/v2\/comments?post=1036"}],"version-history":[{"count":37,"href":"https:\/\/inadisa.com\/en\/wp-json\/wp\/v2\/pages\/1036\/revisions"}],"predecessor-version":[{"id":2572,"href":"https:\/\/inadisa.com\/en\/wp-json\/wp\/v2\/pages\/1036\/revisions\/2572"}],"wp:attachment":[{"href":"https:\/\/inadisa.com\/en\/wp-json\/wp\/v2\/media?parent=1036"}],"curies":[{"name":"wp","href":"https:\/\/api.w.org\/{rel}","templated":true}]}}